{"id":1697,"date":"2017-05-16T08:57:13","date_gmt":"2017-05-16T08:57:13","guid":{"rendered":"https:\/\/anyweb.ee\/kontakt\/"},"modified":"2022-12-13T12:40:11","modified_gmt":"2022-12-13T10:40:11","slug":"contact","status":"publish","type":"page","link":"https:\/\/anyweb.ee\/en\/contact\/","title":{"rendered":"Contact"},"content":{"rendered":"<div id='sub_menu1'  class='av-submenu-container av-jktvh34z-ea9ff31874d394926333093417f4835b main_color  avia-builder-el-0  el_before_av_heading  avia-builder-el-first  teenused-menu hide-mobile container_wrap sidebar_right' style='z-index:301' ><div class='container av-menu-mobile-disabled av-submenu-pos-center'><ul id=\"menu-services\" class=\"av-subnav-menu\"><li role=\"menuitem\" id=\"menu-item-1799\" class=\"menu-item menu-item-type-post_type menu-item-object-page menu-item-top-level menu-item-top-level-1\"><a href=\"https:\/\/anyweb.ee\/en\/services\/livestreaming\/\" itemprop=\"url\" tabindex=\"0\"><span class=\"avia-bullet\"><\/span><span class=\"avia-menu-text\">Live streaming<\/span><span class=\"avia-menu-fx\"><span class=\"avia-arrow-wrap\"><span class=\"avia-arrow\"><\/span><\/span><\/span><\/a><\/li>\n<li role=\"menuitem\" id=\"menu-item-1798\" class=\"menu-item menu-item-type-post_type menu-item-object-page menu-item-top-level menu-item-top-level-2\"><a href=\"https:\/\/anyweb.ee\/en\/services\/websites\/\" itemprop=\"url\" tabindex=\"0\"><span class=\"avia-bullet\"><\/span><span class=\"avia-menu-text\">Websites<\/span><span class=\"avia-menu-fx\"><span class=\"avia-arrow-wrap\"><span class=\"avia-arrow\"><\/span><\/span><\/span><\/a><\/li>\n<li role=\"menuitem\" id=\"menu-item-1797\" class=\"menu-item menu-item-type-post_type menu-item-object-page menu-item-top-level menu-item-top-level-3\"><a href=\"https:\/\/anyweb.ee\/en\/services\/kujundustood\/\" itemprop=\"url\" tabindex=\"0\"><span class=\"avia-bullet\"><\/span><span class=\"avia-menu-text\">Graphic design<\/span><span class=\"avia-menu-fx\"><span class=\"avia-arrow-wrap\"><span class=\"avia-arrow\"><\/span><\/span><\/span><\/a><\/li>\n<li role=\"menuitem\" id=\"menu-item-1796\" class=\"menu-item menu-item-type-post_type menu-item-object-page menu-item-top-level menu-item-top-level-4\"><a href=\"https:\/\/anyweb.ee\/en\/services\/videoservices\/\" itemprop=\"url\" tabindex=\"0\"><span class=\"avia-bullet\"><\/span><span class=\"avia-menu-text\">Video services<\/span><span class=\"avia-menu-fx\"><span class=\"avia-arrow-wrap\"><span class=\"avia-arrow\"><\/span><\/span><\/span><\/a><\/li>\n<\/ul><\/div><\/div><div id='after_submenu_1'  class='main_color av_default_container_wrap container_wrap sidebar_right'  ><div class='container av-section-cont-open' ><div class='template-page content  av-content-small alpha units'><div class='post-entry post-entry-type-page post-entry-1697'><div class='entry-content-wrapper clearfix'>\n\n<style type=\"text\/css\" data-created_by=\"avia_inline_auto\" id=\"style-css-av-av_heading-1d2472d62bbef9a538180dd22b44dff6\">\n#top .av-special-heading.av-av_heading-1d2472d62bbef9a538180dd22b44dff6{\npadding-bottom:0;\ncolor:#0a0a0a;\nfont-size:40px;\n}\nbody .av-special-heading.av-av_heading-1d2472d62bbef9a538180dd22b44dff6 .av-special-heading-tag .heading-char{\nfont-size:25px;\n}\n#top #wrap_all .av-special-heading.av-av_heading-1d2472d62bbef9a538180dd22b44dff6 .av-special-heading-tag{\nfont-size:40px;\n}\n.av-special-heading.av-av_heading-1d2472d62bbef9a538180dd22b44dff6 .special-heading-inner-border{\nborder-color:#0a0a0a;\n}\n.av-special-heading.av-av_heading-1d2472d62bbef9a538180dd22b44dff6 .av-subheading{\nfont-size:15px;\n}\n\n@media only screen and (min-width: 480px) and (max-width: 767px){ \n#top #wrap_all .av-special-heading.av-av_heading-1d2472d62bbef9a538180dd22b44dff6 .av-special-heading-tag{\nfont-size:0.8em;\n}\n}\n\n@media only screen and (max-width: 479px){ \n#top #wrap_all .av-special-heading.av-av_heading-1d2472d62bbef9a538180dd22b44dff6 .av-special-heading-tag{\nfont-size:0.8em;\n}\n}\n<\/style>\n<div  class='av-special-heading av-av_heading-1d2472d62bbef9a538180dd22b44dff6 av-special-heading-h1 custom-color-heading blockquote modern-quote modern-centered  avia-builder-el-1  el_after_av_submenu  el_before_av_hr  avia-builder-el-first  av-inherit-size'><h1 class='av-special-heading-tag'  itemprop=\"headline\"  >Contact<\/h1><div class=\"special-heading-border\"><div class=\"special-heading-inner-border\"><\/div><\/div><\/div>\n\n<style type=\"text\/css\" data-created_by=\"avia_inline_auto\" id=\"style-css-av-jko1raqu-402f161a06568cb81b22484f408ebb1e\">\n#top .hr.hr-invisible.av-jko1raqu-402f161a06568cb81b22484f408ebb1e{\nheight:50px;\n}\n<\/style>\n<div  class='hr av-jko1raqu-402f161a06568cb81b22484f408ebb1e hr-invisible  avia-builder-el-2  el_after_av_heading  el_before_av_one_fifth '><span class='hr-inner '><span class=\"hr-inner-style\"><\/span><\/span><\/div>\n<div class='flex_column_table av-hxf72g-710870f94d426ce26ef234961d2eab2b sc-av_one_fifth av-break-at-tablet-flextable av-equal-height-column-flextable'>\n<style type=\"text\/css\" data-created_by=\"avia_inline_auto\" id=\"style-css-av-hxf72g-710870f94d426ce26ef234961d2eab2b\">\n.flex_column.av-hxf72g-710870f94d426ce26ef234961d2eab2b{\n-webkit-border-radius:0px 0px 0px 0px;\n-moz-border-radius:0px 0px 0px 0px;\nborder-radius:0px 0px 0px 0px;\npadding:0px 0px 0px 0px;\n}\n<\/style>\n<div  class='flex_column av-hxf72g-710870f94d426ce26ef234961d2eab2b av_one_fifth  avia-builder-el-3  el_after_av_hr  el_before_av_one_fifth  price-box contact-info-box first av-break-at-tablet flex_column_table_cell av-equal-height-column av-align-middle av-zero-column-padding  '     ><p>\n<style type=\"text\/css\" data-created_by=\"avia_inline_auto\" id=\"style-css-av-jktv4h8o-0e50d540725fe625994006376918c746\">\n.av_font_icon.av-jktv4h8o-0e50d540725fe625994006376918c746{\ncolor:#ff4300;\nborder-color:#ff4300;\n}\n.av_font_icon.av-jktv4h8o-0e50d540725fe625994006376918c746 .av-icon-char{\nfont-size:40px;\nline-height:40px;\n}\n<\/style>\n<span  class='av_font_icon av-jktv4h8o-0e50d540725fe625994006376918c746 avia_animate_when_visible av-icon-style- avia-icon-pos-center avia-icon-animate'><span class='av-icon-char' aria-hidden='true' data-av_icon='\ue854' data-av_iconfont='entypo-fontello' ><\/span><\/span><br \/>\n\n<style type=\"text\/css\" data-created_by=\"avia_inline_auto\" id=\"style-css-av-jko220x8-a271f297253606b40ff1fd133b67f1c6\">\n#top .av_textblock_section.av-jko220x8-a271f297253606b40ff1fd133b67f1c6 .avia_textblock{\nfont-size:20px;\ncolor:#ff4300;\n}\n<\/style>\n<section  class='av_textblock_section av-jko220x8-a271f297253606b40ff1fd133b67f1c6 '   itemscope=\"itemscope\" itemtype=\"https:\/\/schema.org\/CreativeWork\" ><div class='avia_textblock av_inherit_color'  itemprop=\"text\" ><p style=\"text-align: center;\"><strong>Phone<\/strong><\/p>\n<\/div><\/section><br \/>\n<section  class='av_textblock_section av-jko23kau-722e591b719fbc744d1b11ef1a4f8695 '   itemscope=\"itemscope\" itemtype=\"https:\/\/schema.org\/CreativeWork\" ><div class='avia_textblock'  itemprop=\"text\" ><p style=\"text-align: center;\">00372 58086993<\/p>\n<\/div><\/section><\/p><\/div>\n<div class='av-flex-placeholder'><\/div>\n<style type=\"text\/css\" data-created_by=\"avia_inline_auto\" id=\"style-css-av-fb1zoo-fe8fa6c26143d38b67b14fb5c97ddfde\">\n.flex_column.av-fb1zoo-fe8fa6c26143d38b67b14fb5c97ddfde{\n-webkit-border-radius:0px 0px 0px 0px;\n-moz-border-radius:0px 0px 0px 0px;\nborder-radius:0px 0px 0px 0px;\npadding:0px 0px 0px 0px;\n}\n<\/style>\n<div  class='flex_column av-fb1zoo-fe8fa6c26143d38b67b14fb5c97ddfde av_one_fifth  avia-builder-el-7  el_after_av_one_fifth  el_before_av_one_fifth  price-box av-break-at-tablet flex_column_table_cell av-equal-height-column av-align-middle av-zero-column-padding  '     ><p>\n<style type=\"text\/css\" data-created_by=\"avia_inline_auto\" id=\"style-css-av-jktv4h8o-a51457d6a47f31aac947398261e03004\">\n.av_font_icon.av-jktv4h8o-a51457d6a47f31aac947398261e03004{\ncolor:#ff4300;\nborder-color:#ff4300;\n}\n.av_font_icon.av-jktv4h8o-a51457d6a47f31aac947398261e03004 .av-icon-char{\nfont-size:40px;\nline-height:40px;\n}\n<\/style>\n<span  class='av_font_icon av-jktv4h8o-a51457d6a47f31aac947398261e03004 avia_animate_when_visible av-icon-style- avia-icon-pos-center avia-icon-animate'><span class='av-icon-char' aria-hidden='true' data-av_icon='\ue805' data-av_iconfont='entypo-fontello' ><\/span><\/span><br \/>\n\n<style type=\"text\/css\" data-created_by=\"avia_inline_auto\" id=\"style-css-av-jko220x8-a271f297253606b40ff1fd133b67f1c6\">\n#top .av_textblock_section.av-jko220x8-a271f297253606b40ff1fd133b67f1c6 .avia_textblock{\nfont-size:20px;\ncolor:#ff4300;\n}\n<\/style>\n<section  class='av_textblock_section av-jko220x8-a271f297253606b40ff1fd133b67f1c6 '   itemscope=\"itemscope\" itemtype=\"https:\/\/schema.org\/CreativeWork\" ><div class='avia_textblock av_inherit_color'  itemprop=\"text\" ><p style=\"text-align: center;\"><strong>E-mail<\/strong><\/p>\n<\/div><\/section><br \/>\n<section  class='av_textblock_section av-jko23kau-c135ef432b57072bdb7167058db9b5c6 '   itemscope=\"itemscope\" itemtype=\"https:\/\/schema.org\/CreativeWork\" ><div class='avia_textblock'  itemprop=\"text\" ><p style=\"text-align: center;\"><a href=\"mailto:info@anyweb.ee\">info@anyweb.ee<\/a><\/p>\n<\/div><\/section><\/p><\/div>\n<div class='av-flex-placeholder'><\/div>\n<style type=\"text\/css\" data-created_by=\"avia_inline_auto\" id=\"style-css-av-1cvi2g-9daef17fdb09b146ce71b5d3549060eb\">\n.flex_column.av-1cvi2g-9daef17fdb09b146ce71b5d3549060eb{\n-webkit-border-radius:0px 0px 0px 0px;\n-moz-border-radius:0px 0px 0px 0px;\nborder-radius:0px 0px 0px 0px;\npadding:0px 0px 0px 0px;\n}\n<\/style>\n<div  class='flex_column av-1cvi2g-9daef17fdb09b146ce71b5d3549060eb av_one_fifth  avia-builder-el-11  el_after_av_one_fifth  el_before_av_one_fifth  price-box av-break-at-tablet flex_column_table_cell av-equal-height-column av-align-middle av-zero-column-padding  '     ><p>\n<style type=\"text\/css\" data-created_by=\"avia_inline_auto\" id=\"style-css-av-jktv4h8o-5f6c2636be5d10c7827e73c94110b468\">\n.av_font_icon.av-jktv4h8o-5f6c2636be5d10c7827e73c94110b468{\ncolor:#ff4300;\nborder-color:#ff4300;\n}\n.av_font_icon.av-jktv4h8o-5f6c2636be5d10c7827e73c94110b468 .av-icon-char{\nfont-size:40px;\nline-height:40px;\n}\n<\/style>\n<span  class='av_font_icon av-jktv4h8o-5f6c2636be5d10c7827e73c94110b468 avia_animate_when_visible av-icon-style- avia-icon-pos-center avia-icon-animate'><span class='av-icon-char' aria-hidden='true' data-av_icon='\ue842' data-av_iconfont='entypo-fontello' ><\/span><\/span><br \/>\n\n<style type=\"text\/css\" data-created_by=\"avia_inline_auto\" id=\"style-css-av-jko220x8-a271f297253606b40ff1fd133b67f1c6\">\n#top .av_textblock_section.av-jko220x8-a271f297253606b40ff1fd133b67f1c6 .avia_textblock{\nfont-size:20px;\ncolor:#ff4300;\n}\n<\/style>\n<section  class='av_textblock_section av-jko220x8-a271f297253606b40ff1fd133b67f1c6 '   itemscope=\"itemscope\" itemtype=\"https:\/\/schema.org\/CreativeWork\" ><div class='avia_textblock av_inherit_color'  itemprop=\"text\" ><p style=\"text-align: center;\"><strong>Address<\/strong><\/p>\n<\/div><\/section><br \/>\n<section  class='av_textblock_section av-jko23kau-722e591b719fbc744d1b11ef1a4f8695 '   itemscope=\"itemscope\" itemtype=\"https:\/\/schema.org\/CreativeWork\" ><div class='avia_textblock'  itemprop=\"text\" ><p style=\"text-align: center;\">R\u00e4pina mnt 12, V\u00f5ru, 65606 V\u00f5ru maakond<\/p>\n<\/div><\/section><\/p><\/div>\n<div class='av-flex-placeholder'><\/div>\n<style type=\"text\/css\" data-created_by=\"avia_inline_auto\" id=\"style-css-av-c9pqfs-b8678ceff926a12e84406ff8a8c8929e\">\n.flex_column.av-c9pqfs-b8678ceff926a12e84406ff8a8c8929e{\n-webkit-border-radius:0px 0px 0px 0px;\n-moz-border-radius:0px 0px 0px 0px;\nborder-radius:0px 0px 0px 0px;\npadding:0px 0px 0px 0px;\n}\n<\/style>\n<div  class='flex_column av-c9pqfs-b8678ceff926a12e84406ff8a8c8929e av_one_fifth  avia-builder-el-15  el_after_av_one_fifth  el_before_av_one_fifth  price-box av-break-at-tablet flex_column_table_cell av-equal-height-column av-align-middle av-zero-column-padding  '     ><p>\n<style type=\"text\/css\" data-created_by=\"avia_inline_auto\" id=\"style-css-av-jktv4h8o-84ab9d6c76838cced845de5e2df5d7d3\">\n.av_font_icon.av-jktv4h8o-84ab9d6c76838cced845de5e2df5d7d3{\ncolor:#ff4300;\nborder-color:#ff4300;\n}\n.av_font_icon.av-jktv4h8o-84ab9d6c76838cced845de5e2df5d7d3 .av-icon-char{\nfont-size:40px;\nline-height:40px;\n}\n<\/style>\n<span  class='av_font_icon av-jktv4h8o-84ab9d6c76838cced845de5e2df5d7d3 avia_animate_when_visible av-icon-style- avia-icon-pos-center avia-icon-animate'><span class='av-icon-char' aria-hidden='true' data-av_icon='\ue852' data-av_iconfont='entypo-fontello' ><\/span><\/span><br \/>\n\n<style type=\"text\/css\" data-created_by=\"avia_inline_auto\" id=\"style-css-av-jko220x8-a271f297253606b40ff1fd133b67f1c6\">\n#top .av_textblock_section.av-jko220x8-a271f297253606b40ff1fd133b67f1c6 .avia_textblock{\nfont-size:20px;\ncolor:#ff4300;\n}\n<\/style>\n<section  class='av_textblock_section av-jko220x8-a271f297253606b40ff1fd133b67f1c6 '   itemscope=\"itemscope\" itemtype=\"https:\/\/schema.org\/CreativeWork\" ><div class='avia_textblock av_inherit_color'  itemprop=\"text\" ><p style=\"text-align: center;\"><strong>Registry code<\/strong><\/p>\n<\/div><\/section><br \/>\n<section  class='av_textblock_section av-jko23kau-c135ef432b57072bdb7167058db9b5c6 '   itemscope=\"itemscope\" itemtype=\"https:\/\/schema.org\/CreativeWork\" ><div class='avia_textblock'  itemprop=\"text\" ><p style=\"text-align: center;\">14060329<\/p>\n<\/div><\/section><\/p><\/div>\n<div class='av-flex-placeholder'><\/div>\n<style type=\"text\/css\" data-created_by=\"avia_inline_auto\" id=\"style-css-av-av_one_fifth-591f2592cefc038f1c4749e0f0dce29a\">\n.flex_column.av-av_one_fifth-591f2592cefc038f1c4749e0f0dce29a{\n-webkit-border-radius:0px 0px 0px 0px;\n-moz-border-radius:0px 0px 0px 0px;\nborder-radius:0px 0px 0px 0px;\npadding:0px 0px 0px 0px;\n}\n<\/style>\n<div  class='flex_column av-av_one_fifth-591f2592cefc038f1c4749e0f0dce29a av_one_fifth  avia-builder-el-19  el_after_av_one_fifth  el_before_av_hr  price-box av-break-at-tablet flex_column_table_cell av-equal-height-column av-align-middle av-zero-column-padding  '     ><p>\n<style type=\"text\/css\" data-created_by=\"avia_inline_auto\" id=\"style-css-av-lbm39l3b-3d09789a06e1332383c16712da029085\">\n.av_font_icon.av-lbm39l3b-3d09789a06e1332383c16712da029085{\ncolor:#ff4300;\nborder-color:#ff4300;\n}\n.av_font_icon.av-lbm39l3b-3d09789a06e1332383c16712da029085 .av-icon-char{\nfont-size:40px;\nline-height:40px;\n}\n<\/style>\n<span  class='av_font_icon av-lbm39l3b-3d09789a06e1332383c16712da029085 avia_animate_when_visible av-icon-style- avia-icon-pos-center avia-icon-animate'><span class='av-icon-char' aria-hidden='true' data-av_icon='\ue8d1' data-av_iconfont='entypo-fontello' ><\/span><\/span><br \/>\n\n<style type=\"text\/css\" data-created_by=\"avia_inline_auto\" id=\"style-css-av-lbm39r17-b50f6c687cee2c69191e4a523665894a\">\n#top .av_textblock_section.av-lbm39r17-b50f6c687cee2c69191e4a523665894a .avia_textblock{\nfont-size:20px;\ncolor:#ff4300;\n}\n<\/style>\n<section  class='av_textblock_section av-lbm39r17-b50f6c687cee2c69191e4a523665894a '   itemscope=\"itemscope\" itemtype=\"https:\/\/schema.org\/CreativeWork\" ><div class='avia_textblock av_inherit_color'  itemprop=\"text\" ><p style=\"text-align: center;\"><strong>VAT number<\/strong><\/p>\n<\/div><\/section><br \/>\n<section  class='av_textblock_section av-lbm39wj9-4e62b0cd49420b70d498c092b224a4f7 '   itemscope=\"itemscope\" itemtype=\"https:\/\/schema.org\/CreativeWork\" ><div class='avia_textblock'  itemprop=\"text\" ><p style=\"text-align: center;\">EE102399347<\/p>\n<\/div><\/section><\/p><\/div><\/div><!--close column table wrapper. Autoclose: 1 -->\n\n<style type=\"text\/css\" data-created_by=\"avia_inline_auto\" id=\"style-css-av-jko1raqu-402f161a06568cb81b22484f408ebb1e\">\n#top .hr.hr-invisible.av-jko1raqu-402f161a06568cb81b22484f408ebb1e{\nheight:50px;\n}\n<\/style>\n<div  class='hr av-jko1raqu-402f161a06568cb81b22484f408ebb1e hr-invisible  avia-builder-el-23  el_after_av_one_fifth  el_before_av_one_full '><span class='hr-inner '><span class=\"hr-inner-style\"><\/span><\/span><\/div>\n\n<style type=\"text\/css\" data-created_by=\"avia_inline_auto\" id=\"style-css-av-2yfodc-0913dcc0785a47621ab04f2de7e01ced\">\n.flex_column.av-2yfodc-0913dcc0785a47621ab04f2de7e01ced{\n-webkit-border-radius:0px 0px 0px 0px;\n-moz-border-radius:0px 0px 0px 0px;\nborder-radius:0px 0px 0px 0px;\npadding:0px 0px 0px 0px;\n}\n<\/style>\n<div  class='flex_column av-2yfodc-0913dcc0785a47621ab04f2de7e01ced av_one_full  avia-builder-el-24  el_after_av_hr  el_before_av_hr  first flex_column_div av-zero-column-padding  '     ><style type=\"text\/css\" data-created_by=\"avia_inline_auto\" id=\"style-css-av-jko220x8-b3655ca2e6883c395ef79b19a3fd3c63\">\n#top .av_textblock_section.av-jko220x8-b3655ca2e6883c395ef79b19a3fd3c63 .avia_textblock{\nfont-size:20px;\ncolor:#0a0000;\n}\n<\/style>\n<section  class='av_textblock_section av-jko220x8-b3655ca2e6883c395ef79b19a3fd3c63 '   itemscope=\"itemscope\" itemtype=\"https:\/\/schema.org\/CreativeWork\" ><div class='avia_textblock av_inherit_color'  itemprop=\"text\" ><p style=\"text-align: center;\">CONTACT US<\/p>\n<\/div><\/section><br \/>\n<section  class='av_textblock_section av-jkv1xhm9-19a3c2bc55f5f29826077c6fdf3f75cd '   itemscope=\"itemscope\" itemtype=\"https:\/\/schema.org\/CreativeWork\" ><div class='avia_textblock'  itemprop=\"text\" ><p>[caldera_form id=&#8221;CF5b740e98dfb49&#8243;]<\/p>\n<\/div><\/section><\/p><\/div>\n\n<style type=\"text\/css\" data-created_by=\"avia_inline_auto\" id=\"style-css-av-jko1raqu-402f161a06568cb81b22484f408ebb1e\">\n#top .hr.hr-invisible.av-jko1raqu-402f161a06568cb81b22484f408ebb1e{\nheight:50px;\n}\n<\/style>\n<div  class='hr av-jko1raqu-402f161a06568cb81b22484f408ebb1e hr-invisible  avia-builder-el-27  el_after_av_one_full  avia-builder-el-last '><span class='hr-inner '><span class=\"hr-inner-style\"><\/span><\/span><\/div>\n","protected":false},"excerpt":{"rendered":"","protected":false},"author":2,"featured_media":0,"parent":0,"menu_order":0,"comment_status":"closed","ping_status":"closed","template":"","meta":{"footnotes":""},"class_list":["post-1697","page","type-page","status-publish","hentry"],"yoast_head":"<!-- This site is optimized with the Yoast SEO plugin v27.2 - https:\/\/yoast.com\/product\/yoast-seo-wordpress\/ -->\n<title>Contact &#8211; Anyweb<\/title>\n<meta name=\"robots\" content=\"index, follow, max-snippet:-1, max-image-preview:large, max-video-preview:-1\" \/>\n<link rel=\"canonical\" href=\"https:\/\/anyweb.ee\/en\/contact\/\" \/>\n<meta property=\"og:locale\" content=\"en_US\" \/>\n<meta property=\"og:type\" content=\"article\" \/>\n<meta property=\"og:title\" content=\"Contact &#8211; Anyweb\" \/>\n<meta property=\"og:url\" content=\"https:\/\/anyweb.ee\/en\/contact\/\" \/>\n<meta property=\"og:site_name\" content=\"Anyweb\" \/>\n<meta property=\"article:publisher\" content=\"https:\/\/www.facebook.com\/anywebou\/\" \/>\n<meta property=\"article:modified_time\" content=\"2022-12-13T10:40:11+00:00\" \/>\n<meta name=\"twitter:card\" content=\"summary_large_image\" \/>\n<meta name=\"twitter:label1\" content=\"Est. reading time\" \/>\n\t<meta name=\"twitter:data1\" content=\"3 minutes\" \/>\n<script type=\"application\/ld+json\" class=\"yoast-schema-graph\">{\"@context\":\"https:\/\/schema.org\",\"@graph\":[{\"@type\":\"WebPage\",\"@id\":\"https:\/\/anyweb.ee\/en\/contact\/\",\"url\":\"https:\/\/anyweb.ee\/en\/contact\/\",\"name\":\"Contact &#8211; Anyweb\",\"isPartOf\":{\"@id\":\"https:\/\/anyweb.ee\/#website\"},\"datePublished\":\"2017-05-16T08:57:13+00:00\",\"dateModified\":\"2022-12-13T10:40:11+00:00\",\"breadcrumb\":{\"@id\":\"https:\/\/anyweb.ee\/en\/contact\/#breadcrumb\"},\"inLanguage\":\"en-US\",\"potentialAction\":[{\"@type\":\"ReadAction\",\"target\":[\"https:\/\/anyweb.ee\/en\/contact\/\"]}]},{\"@type\":\"BreadcrumbList\",\"@id\":\"https:\/\/anyweb.ee\/en\/contact\/#breadcrumb\",\"itemListElement\":[{\"@type\":\"ListItem\",\"position\":1,\"name\":\"Home\",\"item\":\"https:\/\/anyweb.ee\/\"},{\"@type\":\"ListItem\",\"position\":2,\"name\":\"Contact\"}]},{\"@type\":\"WebSite\",\"@id\":\"https:\/\/anyweb.ee\/#website\",\"url\":\"https:\/\/anyweb.ee\/\",\"name\":\"Anyweb\",\"description\":\"Teeme Teid internetis n\u00e4htavaks\",\"publisher\":{\"@id\":\"https:\/\/anyweb.ee\/#organization\"},\"potentialAction\":[{\"@type\":\"SearchAction\",\"target\":{\"@type\":\"EntryPoint\",\"urlTemplate\":\"https:\/\/anyweb.ee\/?s={search_term_string}\"},\"query-input\":{\"@type\":\"PropertyValueSpecification\",\"valueRequired\":true,\"valueName\":\"search_term_string\"}}],\"inLanguage\":\"en-US\"},{\"@type\":\"Organization\",\"@id\":\"https:\/\/anyweb.ee\/#organization\",\"name\":\"Anyweb O\u00dc\",\"url\":\"https:\/\/anyweb.ee\/\",\"logo\":{\"@type\":\"ImageObject\",\"inLanguage\":\"en-US\",\"@id\":\"https:\/\/anyweb.ee\/#\/schema\/logo\/image\/\",\"url\":\"https:\/\/anyweb.ee\/wp-content\/uploads\/2017\/04\/anyweb-logo-white-bg.png\",\"contentUrl\":\"https:\/\/anyweb.ee\/wp-content\/uploads\/2017\/04\/anyweb-logo-white-bg.png\",\"width\":1148,\"height\":268,\"caption\":\"Anyweb O\u00dc\"},\"image\":{\"@id\":\"https:\/\/anyweb.ee\/#\/schema\/logo\/image\/\"},\"sameAs\":[\"https:\/\/www.facebook.com\/anywebou\/\",\"https:\/\/www.youtube.com\/channel\/UCXutDFBKx5MOfYBSASKi2cA\"]}]}<\/script>\n<!-- \/ Yoast SEO plugin. -->","yoast_head_json":{"title":"Contact &#8211; Anyweb","robots":{"index":"index","follow":"follow","max-snippet":"max-snippet:-1","max-image-preview":"max-image-preview:large","max-video-preview":"max-video-preview:-1"},"canonical":"https:\/\/anyweb.ee\/en\/contact\/","og_locale":"en_US","og_type":"article","og_title":"Contact &#8211; Anyweb","og_url":"https:\/\/anyweb.ee\/en\/contact\/","og_site_name":"Anyweb","article_publisher":"https:\/\/www.facebook.com\/anywebou\/","article_modified_time":"2022-12-13T10:40:11+00:00","twitter_card":"summary_large_image","twitter_misc":{"Est. reading time":"3 minutes"},"schema":{"@context":"https:\/\/schema.org","@graph":[{"@type":"WebPage","@id":"https:\/\/anyweb.ee\/en\/contact\/","url":"https:\/\/anyweb.ee\/en\/contact\/","name":"Contact &#8211; Anyweb","isPartOf":{"@id":"https:\/\/anyweb.ee\/#website"},"datePublished":"2017-05-16T08:57:13+00:00","dateModified":"2022-12-13T10:40:11+00:00","breadcrumb":{"@id":"https:\/\/anyweb.ee\/en\/contact\/#breadcrumb"},"inLanguage":"en-US","potentialAction":[{"@type":"ReadAction","target":["https:\/\/anyweb.ee\/en\/contact\/"]}]},{"@type":"BreadcrumbList","@id":"https:\/\/anyweb.ee\/en\/contact\/#breadcrumb","itemListElement":[{"@type":"ListItem","position":1,"name":"Home","item":"https:\/\/anyweb.ee\/"},{"@type":"ListItem","position":2,"name":"Contact"}]},{"@type":"WebSite","@id":"https:\/\/anyweb.ee\/#website","url":"https:\/\/anyweb.ee\/","name":"Anyweb","description":"Teeme Teid internetis n\u00e4htavaks","publisher":{"@id":"https:\/\/anyweb.ee\/#organization"},"potentialAction":[{"@type":"SearchAction","target":{"@type":"EntryPoint","urlTemplate":"https:\/\/anyweb.ee\/?s={search_term_string}"},"query-input":{"@type":"PropertyValueSpecification","valueRequired":true,"valueName":"search_term_string"}}],"inLanguage":"en-US"},{"@type":"Organization","@id":"https:\/\/anyweb.ee\/#organization","name":"Anyweb O\u00dc","url":"https:\/\/anyweb.ee\/","logo":{"@type":"ImageObject","inLanguage":"en-US","@id":"https:\/\/anyweb.ee\/#\/schema\/logo\/image\/","url":"https:\/\/anyweb.ee\/wp-content\/uploads\/2017\/04\/anyweb-logo-white-bg.png","contentUrl":"https:\/\/anyweb.ee\/wp-content\/uploads\/2017\/04\/anyweb-logo-white-bg.png","width":1148,"height":268,"caption":"Anyweb O\u00dc"},"image":{"@id":"https:\/\/anyweb.ee\/#\/schema\/logo\/image\/"},"sameAs":["https:\/\/www.facebook.com\/anywebou\/","https:\/\/www.youtube.com\/channel\/UCXutDFBKx5MOfYBSASKi2cA"]}]}},"_links":{"self":[{"href":"https:\/\/anyweb.ee\/en\/wp-json\/wp\/v2\/pages\/1697","targetHints":{"allow":["GET"]}}],"collection":[{"href":"https:\/\/anyweb.ee\/en\/wp-json\/wp\/v2\/pages"}],"about":[{"href":"https:\/\/anyweb.ee\/en\/wp-json\/wp\/v2\/types\/page"}],"author":[{"embeddable":true,"href":"https:\/\/anyweb.ee\/en\/wp-json\/wp\/v2\/users\/2"}],"replies":[{"embeddable":true,"href":"https:\/\/anyweb.ee\/en\/wp-json\/wp\/v2\/comments?post=1697"}],"version-history":[{"count":11,"href":"https:\/\/anyweb.ee\/en\/wp-json\/wp\/v2\/pages\/1697\/revisions"}],"predecessor-version":[{"id":2880,"href":"https:\/\/anyweb.ee\/en\/wp-json\/wp\/v2\/pages\/1697\/revisions\/2880"}],"wp:attachment":[{"href":"https:\/\/anyweb.ee\/en\/wp-json\/wp\/v2\/media?parent=1697"}],"curies":[{"name":"wp","href":"https:\/\/api.w.org\/{rel}","templated":true}]}}